{"id":2,"date":"2026-04-17T07:37:16","date_gmt":"2026-04-17T07:37:16","guid":{"rendered":"http:\/\/michelle-ma-belle.fr\/?page_id=2"},"modified":"2026-04-17T12:01:48","modified_gmt":"2026-04-17T12:01:48","slug":"sample-page","status":"publish","type":"page","link":"https:\/\/michelle-ma-belle.fr\/","title":{"rendered":"Michelle ma belle &#8211; L\u00e8ge Cap Ferret"},"content":{"rendered":"\n\n\t\t\t\t<img loading=\"lazy\" decoding=\"async\" src=\"https:\/\/michelle-ma-belle.fr\/wp-content\/uploads\/2026\/04\/header1.png\" alt=\"header1\" itemprop=\"image\" height=\"1490\" width=\"1371\" title=\"header1\" onerror=\"this.style.display='none'\"  \/>\n\t<p>GLACES, CR\u00caPES, GAUFRES<\/p>\n<p>COFFEE SHOP, BAR \u00c0 VIN<\/p>\n\t\t\t\t<img loading=\"lazy\" decoding=\"async\" src=\"https:\/\/michelle-ma-belle.fr\/wp-content\/uploads\/2026\/04\/canon-filet.png\" alt=\"canon filet\" itemprop=\"image\" height=\"201\" width=\"1100\" title=\"canon filet\" onerror=\"this.style.display='none'\"  \/>\n\t\t\t\t<a href=\"#\" target=\"_self\" itemprop=\"url\">\n\t\t\t\t<img loading=\"lazy\" decoding=\"async\" src=\"https:\/\/michelle-ma-belle.fr\/wp-content\/uploads\/bb-plugin\/cache\/interieur-landscape-e42e32ccbc0fe082e973ca9d079ceea7-.jpg\" alt=\"interieur\" itemprop=\"image\" height=\"533\" width=\"800\" title=\"interieur\" onerror=\"this.style.display='none'\"  \/>\n\t\t\t\t<\/a>\n<h4><a href=\"#\" target=\"_self\">LE LIEU<\/a><\/h4>\t\t\n\t\t\t\t<a href=\"https:\/\/michelle-ma-belle.fr\/index.php\/la-carte\/\" target=\"_self\" itemprop=\"url\">\n\t\t\t\t<img loading=\"lazy\" decoding=\"async\" src=\"https:\/\/michelle-ma-belle.fr\/wp-content\/uploads\/bb-plugin\/cache\/Bean-landscape-33400c0a14af6922d4f88dccf8b60961-.jpg\" alt=\"Bean\" itemprop=\"image\" height=\"533\" width=\"800\" title=\"Bean\" onerror=\"this.style.display='none'\"  \/>\n\t\t\t\t<\/a>\n<h4><a href=\"https:\/\/michelle-ma-belle.fr\/index.php\/la-carte\/\" target=\"_self\">LA CARTE<\/a><\/h4>\t\t\n\t\t\t\t<a href=\"https:\/\/michelle-ma-belle.fr\/index.php\/la-carte-copy\/\" target=\"_self\" itemprop=\"url\">\n\t\t\t\t<img loading=\"lazy\" decoding=\"async\" src=\"https:\/\/michelle-ma-belle.fr\/wp-content\/uploads\/bb-plugin\/cache\/roast-chicken-landscape-9e148f7d48f9274efc8043c84f69a2c0-.jpg\" alt=\"roast-chicken\" itemprop=\"image\" height=\"533\" width=\"800\" title=\"roast-chicken\" onerror=\"this.style.display='none'\"  \/>\n\t\t\t\t<\/a>\n<h4><a href=\"https:\/\/michelle-ma-belle.fr\/index.php\/la-carte-copy\/\" target=\"_self\">LA R\u00d4TISSERIE<\/a><\/h4>\t\t\n\t\t\t<p>Avec l&rsquo;arriv\u00e9e des beaux jours, c&rsquo;est le nouveau rendez-vous d\u00e9tente du Canon .<em><strong>Paloma<\/strong><\/em><\/p>\t\t\n\t\t\t<p>Enfin un vrai glacier au Canon !<em><strong>Louka<\/strong><\/em><\/p>\t\t\n\t\t\t<p>Avec la r\u00f4tisserie, Michelle ma belle, c&rsquo;est&#8230; poulet de Canon !\u00a0<em><strong>Abel<\/strong><\/em><\/p>\t\t\n\t\t<h3>186 ROUTE DU CAP FERRET, 33950 LE CANON<br \/> 06 76 04 63 68<\/h3>\n\t\t\t<a href=\"mailto:contact@michelle-ma-belle.fr\" target=\"_self\">\n\t\t\t\t\t\t\tNous envoyer un Mail\n\t\t\t\t\t<\/a>\n\n","protected":false},"excerpt":{"rendered":"<p>GLACES, CR\u00caPES, GAUFRES COFFEE SHOP, BAR \u00c0 VIN LE LIEU LA CARTE LA R\u00d4TISSERIE Avec l&rsquo;arriv\u00e9e des beaux jours, c&rsquo;est le nouveau rendez-vous d\u00e9tente du Canon .Paloma Enfin un vrai glacier au Canon !Louka Avec la r\u00f4tisserie, Michelle ma belle, c&rsquo;est&#8230; poulet de Canon !\u00a0Abel 186 ROUTE DU CAP FERRET, 33950 LE CANON 06 76&hellip;<\/p>\n","protected":false},"author":1,"featured_media":0,"parent":0,"menu_order":0,"comment_status":"closed","ping_status":"closed","template":"","meta":{"footnotes":""},"class_list":["post-2","page","type-page","status-publish","hentry"],"_links":{"self":[{"href":"https:\/\/michelle-ma-belle.fr\/index.php\/wp-json\/wp\/v2\/pages\/2","targetHints":{"allow":["GET"]}}],"collection":[{"href":"https:\/\/michelle-ma-belle.fr\/index.php\/wp-json\/wp\/v2\/pages"}],"about":[{"href":"https:\/\/michelle-ma-belle.fr\/index.php\/wp-json\/wp\/v2\/types\/page"}],"author":[{"embeddable":true,"href":"https:\/\/michelle-ma-belle.fr\/index.php\/wp-json\/wp\/v2\/users\/1"}],"replies":[{"embeddable":true,"href":"https:\/\/michelle-ma-belle.fr\/index.php\/wp-json\/wp\/v2\/comments?post=2"}],"version-history":[{"count":17,"href":"https:\/\/michelle-ma-belle.fr\/index.php\/wp-json\/wp\/v2\/pages\/2\/revisions"}],"predecessor-version":[{"id":74,"href":"https:\/\/michelle-ma-belle.fr\/index.php\/wp-json\/wp\/v2\/pages\/2\/revisions\/74"}],"wp:attachment":[{"href":"https:\/\/michelle-ma-belle.fr\/index.php\/wp-json\/wp\/v2\/media?parent=2"}],"curies":[{"name":"wp","href":"https:\/\/api.w.org\/{rel}","templated":true}]}}